{"id":2271,"date":"2021-11-05T09:44:57","date_gmt":"2021-11-05T09:44:57","guid":{"rendered":"https:\/\/immoavenue.tn\/?page_id=2271"},"modified":"2021-11-05T09:48:58","modified_gmt":"2021-11-05T09:48:58","slug":"simulateur-de-credit-1","status":"publish","type":"page","link":"https:\/\/immoavenue.tn\/index.php\/simulateur-de-credit-1\/","title":{"rendered":"Simulateur de Cr\u00e9dit"},"content":{"rendered":"[et_pb_section fb_built=\u00a0\u00bb1&Prime; admin_label=\u00a0\u00bbHero\u00a0\u00bb _builder_version=\u00a0\u00bb4.11.1&Prime; use_background_color_gradient=\u00a0\u00bbon\u00a0\u00bb background_color_gradient_start=\u00a0\u00bbrgba(40,40,40,0.79)\u00a0\u00bb background_color_gradient_end=\u00a0\u00bbrgba(40,40,40,0.86)\u00a0\u00bb background_color_gradient_type=\u00a0\u00bbradial\u00a0\u00bb background_color_gradient_direction_radial=\u00a0\u00bbtop left\u00a0\u00bb background_color_gradient_overlays_image=\u00a0\u00bbon\u00a0\u00bb background_image=\u00a0\u00bbhttps:\/\/immoavenue.tn\/wp-content\/uploads\/2021\/10\/construction-21.jpg\u00a0\u00bb custom_margin=\u00a0\u00bb||||false\u00a0\u00bb custom_padding=\u00a0\u00bb10px||0px||false|false\u00a0\u00bb global_colors_info=\u00a0\u00bb{}\u00a0\u00bb][et_pb_row column_structure=\u00a0\u00bb2_3,1_3&Prime; custom_padding_last_edited=\u00a0\u00bbon|phone\u00a0\u00bb _builder_version=\u00a0\u00bb4.11.1&Prime; min_height=\u00a0\u00bb100px\u00a0\u00bb height=\u00a0\u00bb124px\u00a0\u00bb custom_margin=\u00a0\u00bb||0px||false|false\u00a0\u00bb custom_margin_tablet=\u00a0\u00bb|auto|2px|auto|false|false\u00a0\u00bb custom_margin_phone=\u00a0\u00bb10px||-128px||false|false\u00a0\u00bb custom_margin_last_edited=\u00a0\u00bbon|phone\u00a0\u00bb custom_padding=\u00a0\u00bb||0px||false|false\u00a0\u00bb custom_padding_tablet=\u00a0\u00bb\u00a0\u00bb custom_padding_phone=\u00a0\u00bb0px||0px||false|false\u00a0\u00bb global_colors_info=\u00a0\u00bb{}\u00a0\u00bb][et_pb_column type=\u00a0\u00bb2_3&Prime; _builder_version=\u00a0\u00bb4.11.1&Prime; custom_padding=\u00a0\u00bb|||\u00a0\u00bb global_colors_info=\u00a0\u00bb{}\u00a0\u00bb custom_padding__hover=\u00a0\u00bb|||\u00a0\u00bb][et_pb_text _builder_version=\u00a0\u00bb4.11.1&Prime; text_font=\u00a0\u00bb||||||||\u00a0\u00bb header_font=\u00a0\u00bbRubik|700|||||||\u00a0\u00bb header_font_size=\u00a0\u00bb40px\u00a0\u00bb header_line_height=\u00a0\u00bb1.4em\u00a0\u00bb background_layout=\u00a0\u00bbdark\u00a0\u00bb max_width=\u00a0\u00bb800px\u00a0\u00bb custom_margin=\u00a0\u00bb||0px|\u00a0\u00bb custom_padding=\u00a0\u00bb||0px|16px|false|false\u00a0\u00bb custom_padding_tablet=\u00a0\u00bb\u00a0\u00bb custom_padding_phone=\u00a0\u00bb\u00a0\u00bb custom_padding_last_edited=\u00a0\u00bbon|desktop\u00a0\u00bb text_font_size_tablet=\u00a0\u00bb14px\u00a0\u00bb text_font_size_last_edited=\u00a0\u00bboff|desktop\u00a0\u00bb header_font_size_tablet=\u00a0\u00bb44px\u00a0\u00bb header_font_size_phone=\u00a0\u00bb27px\u00a0\u00bb header_font_size_last_edited=\u00a0\u00bbon|phone\u00a0\u00bb border_color_all=\u00a0\u00bbRGBA(0,0,0,0)\u00a0\u00bb border_style_all=\u00a0\u00bbnone\u00a0\u00bb border_width_left=\u00a0\u00bb10px\u00a0\u00bb global_colors_info=\u00a0\u00bb{}\u00a0\u00bb]\n<h1>Simulateur de Cr\u00e9dit<\/h1>\n[\/et_pb_text][\/et_pb_column][et_pb_column type=\u00a0\u00bb1_3&Prime; _builder_version=\u00a0\u00bb3.25&Prime; custom_padding=\u00a0\u00bb|||\u00a0\u00bb global_colors_info=\u00a0\u00bb{}\u00a0\u00bb custom_padding__hover=\u00a0\u00bb|||\u00a0\u00bb][\/et_pb_column][\/et_pb_row][\/et_pb_section][et_pb_section fb_built=\u00a0\u00bb1&Prime; custom_padding_last_edited=\u00a0\u00bbon|phone\u00a0\u00bb admin_label=\u00a0\u00bbProjets\u00a0\u00bb _builder_version=\u00a0\u00bb4.11.1&Prime; use_background_color_gradient=\u00a0\u00bbon\u00a0\u00bb background_color_gradient_start=\u00a0\u00bb#ffffff\u00a0\u00bb background_color_gradient_end=\u00a0\u00bb#ffffff\u00a0\u00bb custom_margin=\u00a0\u00bb0px||||false|false\u00a0\u00bb custom_margin_tablet=\u00a0\u00bb\u00a0\u00bb custom_margin_phone=\u00a0\u00bb0px||||false|false\u00a0\u00bb custom_margin_last_edited=\u00a0\u00bbon|phone\u00a0\u00bb custom_padding=\u00a0\u00bb0px|0px|80px|0px|false|false\u00a0\u00bb custom_padding_tablet=\u00a0\u00bb\u00a0\u00bb custom_padding_phone=\u00a0\u00bb0px|0px|40px|0px|false|false\u00a0\u00bb hover_enabled=\u00a0\u00bb0&Prime; global_colors_info=\u00a0\u00bb{}\u00a0\u00bb sticky_enabled=\u00a0\u00bb0&Prime;][et_pb_row _builder_version=\u00a0\u00bb3.25&Prime; custom_margin=\u00a0\u00bb-16px|auto|31px|auto||\u00a0\u00bb custom_padding=\u00a0\u00bb||9px|||\u00a0\u00bb global_colors_info=\u00a0\u00bb{}\u00a0\u00bb][et_pb_column type=\u00a0\u00bb4_4&Prime; _builder_version=\u00a0\u00bb3.25&Prime; custom_padding=\u00a0\u00bb|||\u00a0\u00bb global_colors_info=\u00a0\u00bb{}\u00a0\u00bb custom_padding__hover=\u00a0\u00bb|||\u00a0\u00bb][et_pb_text _builder_version=\u00a0\u00bb4.11.1&Prime; text_font=\u00a0\u00bb||||||||\u00a0\u00bb link_font=\u00a0\u00bb||||||||\u00a0\u00bb ul_font=\u00a0\u00bb||||||||\u00a0\u00bb ol_font=\u00a0\u00bb||||||||\u00a0\u00bb quote_font=\u00a0\u00bb||||||||\u00a0\u00bb header_font=\u00a0\u00bb||||||||\u00a0\u00bb header_2_font=\u00a0\u00bbRubik|700|||||||\u00a0\u00bb header_2_font_size=\u00a0\u00bb25px\u00a0\u00bb header_2_line_height=\u00a0\u00bb1.2em\u00a0\u00bb module_alignment=\u00a0\u00bbcenter\u00a0\u00bb custom_margin=\u00a0\u00bb0px||20px||false|false\u00a0\u00bb custom_padding=\u00a0\u00bb0px||0px||false|false\u00a0\u00bb header_2_font_size_tablet=\u00a0\u00bb\u00a0\u00bb header_2_font_size_phone=\u00a0\u00bb20px\u00a0\u00bb header_2_font_size_last_edited=\u00a0\u00bbon|phone\u00a0\u00bb border_width_bottom=\u00a0\u00bb2px\u00a0\u00bb border_color_bottom=\u00a0\u00bb#d67a39&Prime; locked=\u00a0\u00bboff\u00a0\u00bb global_colors_info=\u00a0\u00bb{}\u00a0\u00bb]\n<h2>Simulateur de Cr\u00e9dit<\/h2>\n[\/et_pb_text][\/et_pb_column][\/et_pb_row][et_pb_row _builder_version=\u00a0\u00bb4.11.1&Prime; _module_preset=\u00a0\u00bbdefault\u00a0\u00bb min_height=\u00a0\u00bb282.3px\u00a0\u00bb custom_margin=\u00a0\u00bb-61px|auto||auto||\u00a0\u00bb custom_margin_tablet=\u00a0\u00bb\u00a0\u00bb custom_margin_phone=\u00a0\u00bb-50px||||false|false\u00a0\u00bb custom_margin_last_edited=\u00a0\u00bbon|phone\u00a0\u00bb custom_padding=\u00a0\u00bb||0px|||\u00a0\u00bb global_colors_info=\u00a0\u00bb{}\u00a0\u00bb][et_pb_column type=\u00a0\u00bb4_4&Prime; _builder_version=\u00a0\u00bb4.11.1&Prime; _module_preset=\u00a0\u00bbdefault\u00a0\u00bb global_colors_info=\u00a0\u00bb{}\u00a0\u00bb][et_pb_code _builder_version=\u00a0\u00bb4.11.1&Prime; _module_preset=\u00a0\u00bbdefault\u00a0\u00bb module_alignment=\u00a0\u00bbleft\u00a0\u00bb min_height=\u00a0\u00bb289.3px\u00a0\u00bb custom_css_before=\u00a0\u00bbfont-size:18px;||color:#fff;\u00a0\u00bb custom_css_main_element=\u00a0\u00bbfont-size:18px;||color:#fff;\u00a0\u00bb custom_css_after=\u00a0\u00bbfont-size:18px;||color:#fff;\u00a0\u00bb global_colors_info=\u00a0\u00bb{}\u00a0\u00bb]<div class='cyberpretCalculettes'>\r\n<iframe src='https:\/\/www.cyberpret.com\/iframe-calculatrices\/calculatrice-credit-immobilier.php?fromMobile=1&amp;noH2=1&amp;localization=fr&amp;tableau_amortissement=oui&amp;devise=tnd&amp;couleurFond=%23ffffff&amp;couleurP=%23ffffff&amp;couleurLien=%23d67a39&amp;couleurLienHover=%23d67a39&amp;couleurH2=%230b2f50&amp;couleurH3=%23004990&amp;couleurH4=%23004990&amp;couleurChamp=%23004990&amp;couleurMiseValeur1=%23ffffff&amp;couleurEncadrement=%230b2f50&amp;couleurEncadrementFond=%230b2f50&amp;couleurTableTh=%230b2f50&amp;couleurTableImpaires=%230b2f50&amp;couleurTablePaires=%23d67a39&url_site=http%3A%2F%2Fimmoavenue.tn%2Findex.php%2Fwp-json%2Fwp%2Fv2%2Fpages%2F2271&wp_plugin=1' scrolling='auto' frameborder='0' seamless style='width: 100%; height: 975px; margin: 0 auto 20px auto; overflow: hidden; border-radius:6px;' name='iframeCyberpretImmo'><\/iframe>\r\n<\/div>\r\n[\/et_pb_code][\/et_pb_column][\/et_pb_row][\/et_pb_section]\n","protected":false},"excerpt":{"rendered":"<p>Simulateur de Cr\u00e9ditSimulateur de Cr\u00e9dit<div class='cyberpretCalculettes'>\r\n<iframe src='https:\/\/www.cyberpret.com\/iframe-calculatrices\/calculatrice-credit-immobilier.php?fromMobile=1&amp;noH2=1&amp;localization=fr&amp;tableau_amortissement=oui&amp;devise=tnd&amp;couleurFond=%23ffffff&amp;couleurP=%23ffffff&amp;couleurLien=%23d67a39&amp;couleurLienHover=%23d67a39&amp;couleurH2=%230b2f50&amp;couleurH3=%23004990&amp;couleurH4=%23004990&amp;couleurChamp=%23004990&amp;couleurMiseValeur1=%23ffffff&amp;couleurEncadrement=%230b2f50&amp;couleurEncadrementFond=%230b2f50&amp;couleurTableTh=%230b2f50&amp;couleurTableImpaires=%230b2f50&amp;couleurTablePaires=%23d67a39&url_site=http%3A%2F%2Fimmoavenue.tn%2Findex.php%2Fwp-json%2Fwp%2Fv2%2Fpages%2F2271&wp_plugin=1' scrolling='auto' frameborder='0' seamless style='width: 100%; height: 975px; margin: 0 auto 20px auto; overflow: hidden; border-radius:6px;' name='iframeCyberpretImmo'><\/iframe>\r\n<\/div>\r\n<\/p>\n","protected":false},"author":1,"featured_media":0,"parent":0,"menu_order":0,"comment_status":"closed","ping_status":"closed","template":"","meta":{"_et_pb_use_builder":"on","_et_pb_old_content":"","_et_gb_content_width":"","footnotes":""},"class_list":["post-2271","page","type-page","status-publish","hentry"],"yoast_head":"<!-- This site is optimized with the Yoast SEO plugin v23.9 - https:\/\/yoast.com\/wordpress\/plugins\/seo\/ -->\n<title>Simulateur de Cr\u00e9dit - Immobili\u00e8re de l&#039;avenue<\/title>\n<meta name=\"robots\" content=\"index, follow, max-snippet:-1, max-image-preview:large, max-video-preview:-1\" \/>\n<link rel=\"canonical\" href=\"https:\/\/immoavenue.tn\/index.php\/simulateur-de-credit-1\/\" \/>\n<meta property=\"og:locale\" content=\"fr_FR\" \/>\n<meta property=\"og:type\" content=\"article\" \/>\n<meta property=\"og:title\" content=\"Simulateur de Cr\u00e9dit - Immobili\u00e8re de l&#039;avenue\" \/>\n<meta property=\"og:description\" content=\"Simulateur de Cr\u00e9ditSimulateur de Cr\u00e9dit\" \/>\n<meta property=\"og:url\" content=\"https:\/\/immoavenue.tn\/index.php\/simulateur-de-credit-1\/\" \/>\n<meta property=\"og:site_name\" content=\"Immobili\u00e8re de l&#039;avenue\" \/>\n<meta property=\"article:modified_time\" content=\"2021-11-05T09:48:58+00:00\" \/>\n<meta name=\"twitter:card\" content=\"summary_large_image\" \/>\n<meta name=\"twitter:label1\" content=\"Dur\u00e9e de lecture estim\u00e9e\" \/>\n\t<meta name=\"twitter:data1\" content=\"2 minutes\" \/>\n<script type=\"application\/ld+json\" class=\"yoast-schema-graph\">{\"@context\":\"https:\/\/schema.org\",\"@graph\":[{\"@type\":\"WebPage\",\"@id\":\"https:\/\/immoavenue.tn\/index.php\/simulateur-de-credit-1\/\",\"url\":\"https:\/\/immoavenue.tn\/index.php\/simulateur-de-credit-1\/\",\"name\":\"Simulateur de Cr\u00e9dit - Immobili\u00e8re de l&#039;avenue\",\"isPartOf\":{\"@id\":\"https:\/\/immoavenue.tn\/#website\"},\"datePublished\":\"2021-11-05T09:44:57+00:00\",\"dateModified\":\"2021-11-05T09:48:58+00:00\",\"breadcrumb\":{\"@id\":\"https:\/\/immoavenue.tn\/index.php\/simulateur-de-credit-1\/#breadcrumb\"},\"inLanguage\":\"fr-FR\",\"potentialAction\":[{\"@type\":\"ReadAction\",\"target\":[\"https:\/\/immoavenue.tn\/index.php\/simulateur-de-credit-1\/\"]}]},{\"@type\":\"BreadcrumbList\",\"@id\":\"https:\/\/immoavenue.tn\/index.php\/simulateur-de-credit-1\/#breadcrumb\",\"itemListElement\":[{\"@type\":\"ListItem\",\"position\":1,\"name\":\"Accueil\",\"item\":\"https:\/\/immoavenue.tn\/\"},{\"@type\":\"ListItem\",\"position\":2,\"name\":\"Simulateur de Cr\u00e9dit\"}]},{\"@type\":\"WebSite\",\"@id\":\"https:\/\/immoavenue.tn\/#website\",\"url\":\"https:\/\/immoavenue.tn\/\",\"name\":\"Immobili\u00e8re de l&#039;avenue\",\"description\":\"Just another WordPress site\",\"potentialAction\":[{\"@type\":\"SearchAction\",\"target\":{\"@type\":\"EntryPoint\",\"urlTemplate\":\"https:\/\/immoavenue.tn\/?s={search_term_string}\"},\"query-input\":{\"@type\":\"PropertyValueSpecification\",\"valueRequired\":true,\"valueName\":\"search_term_string\"}}],\"inLanguage\":\"fr-FR\"}]}<\/script>\n<!-- \/ Yoast SEO plugin. -->","yoast_head_json":{"title":"Simulateur de Cr\u00e9dit - Immobili\u00e8re de l&#039;avenue","robots":{"index":"index","follow":"follow","max-snippet":"max-snippet:-1","max-image-preview":"max-image-preview:large","max-video-preview":"max-video-preview:-1"},"canonical":"https:\/\/immoavenue.tn\/index.php\/simulateur-de-credit-1\/","og_locale":"fr_FR","og_type":"article","og_title":"Simulateur de Cr\u00e9dit - Immobili\u00e8re de l&#039;avenue","og_description":"Simulateur de Cr\u00e9ditSimulateur de Cr\u00e9dit","og_url":"https:\/\/immoavenue.tn\/index.php\/simulateur-de-credit-1\/","og_site_name":"Immobili\u00e8re de l&#039;avenue","article_modified_time":"2021-11-05T09:48:58+00:00","twitter_card":"summary_large_image","twitter_misc":{"Dur\u00e9e de lecture estim\u00e9e":"2 minutes"},"schema":{"@context":"https:\/\/schema.org","@graph":[{"@type":"WebPage","@id":"https:\/\/immoavenue.tn\/index.php\/simulateur-de-credit-1\/","url":"https:\/\/immoavenue.tn\/index.php\/simulateur-de-credit-1\/","name":"Simulateur de Cr\u00e9dit - Immobili\u00e8re de l&#039;avenue","isPartOf":{"@id":"https:\/\/immoavenue.tn\/#website"},"datePublished":"2021-11-05T09:44:57+00:00","dateModified":"2021-11-05T09:48:58+00:00","breadcrumb":{"@id":"https:\/\/immoavenue.tn\/index.php\/simulateur-de-credit-1\/#breadcrumb"},"inLanguage":"fr-FR","potentialAction":[{"@type":"ReadAction","target":["https:\/\/immoavenue.tn\/index.php\/simulateur-de-credit-1\/"]}]},{"@type":"BreadcrumbList","@id":"https:\/\/immoavenue.tn\/index.php\/simulateur-de-credit-1\/#breadcrumb","itemListElement":[{"@type":"ListItem","position":1,"name":"Accueil","item":"https:\/\/immoavenue.tn\/"},{"@type":"ListItem","position":2,"name":"Simulateur de Cr\u00e9dit"}]},{"@type":"WebSite","@id":"https:\/\/immoavenue.tn\/#website","url":"https:\/\/immoavenue.tn\/","name":"Immobili\u00e8re de l&#039;avenue","description":"Just another WordPress site","potentialAction":[{"@type":"SearchAction","target":{"@type":"EntryPoint","urlTemplate":"https:\/\/immoavenue.tn\/?s={search_term_string}"},"query-input":{"@type":"PropertyValueSpecification","valueRequired":true,"valueName":"search_term_string"}}],"inLanguage":"fr-FR"}]}},"_links":{"self":[{"href":"https:\/\/immoavenue.tn\/index.php\/wp-json\/wp\/v2\/pages\/2271","targetHints":{"allow":["GET"]}}],"collection":[{"href":"https:\/\/immoavenue.tn\/index.php\/wp-json\/wp\/v2\/pages"}],"about":[{"href":"https:\/\/immoavenue.tn\/index.php\/wp-json\/wp\/v2\/types\/page"}],"author":[{"embeddable":true,"href":"https:\/\/immoavenue.tn\/index.php\/wp-json\/wp\/v2\/users\/1"}],"replies":[{"embeddable":true,"href":"https:\/\/immoavenue.tn\/index.php\/wp-json\/wp\/v2\/comments?post=2271"}],"version-history":[{"count":2,"href":"https:\/\/immoavenue.tn\/index.php\/wp-json\/wp\/v2\/pages\/2271\/revisions"}],"predecessor-version":[{"id":2274,"href":"https:\/\/immoavenue.tn\/index.php\/wp-json\/wp\/v2\/pages\/2271\/revisions\/2274"}],"wp:attachment":[{"href":"https:\/\/immoavenue.tn\/index.php\/wp-json\/wp\/v2\/media?parent=2271"}],"curies":[{"name":"wp","href":"https:\/\/api.w.org\/{rel}","templated":true}]}}